{"id":182,"date":"2016-08-25T07:40:04","date_gmt":"2016-08-25T07:40:04","guid":{"rendered":"https:\/\/designinnovationmanagement.com\/2019\/?page_id=182"},"modified":"2018-10-31T16:33:03","modified_gmt":"2018-10-31T16:33:03","slug":"track-6-b","status":"publish","type":"page","link":"https:\/\/designinnovationmanagement.com\/2019\/track-6-b\/","title":{"rendered":"Track 6.b Design Literacy enabling Critical Innovation Practices"},"content":{"rendered":"<p>*Liv Merete Nielsen, Oslo Metropolitan University, Norway<br \/>\nEva Lutn\u00e6s, Oslo Metropolitan University, Norway<br \/>\nMia Porko-Hudd, \u00c5bo Akademi University, Finland<br \/>\n\u00darsula Bravo, Universidad del Desarrollo &amp; Pontificia Universidad Cat\u00f3lica de Chile, Santiago Chile<br \/>\nCatalina Cort\u00e9s, Universidad del Desarrollo, Santiago Chile<br \/>\nRita Assoreira Almendra, Universidade de Lisboa, Portugal<br \/>\nErik Bohemia, Loughborough University, UK<br \/>\n*contact:\u00a0livmerete.nielsen@oslomet.no<\/p>\n<p>Design Literacy can be regarded as a catalyst for a move towards a better citizens participation in innovative design processes. By educating the general public to become design literate, there is a chance to support critical innovation and a possible move towards sustainable societies (Stegall, 2006). The challenge is to articulate content, performance and continuity for a critical decision-making process and how this influence critical innovation and design education at large.<\/p>\n<p>The concept \u2018Design Literacy\u2019 addresses the complex matter of objectives, content and practices in design processes and education. Research on multiple literacies has evoked considerable debate and redefinition within several areas of educational research (Coiro et al. 2008); the understanding of literacy is no longer bound to the ability to read and write verbal text or numeracy. Design Literacy (Nielsen and Br\u00e6nne, 2013) are among newly coined literacies. Design Literacy is connected both to the creation and understanding of design innovation in a broad sense. In today\u2019s mostly artificial world, the Design Literacy is regarded as a competence not only for the professional designer, but also for the general public in their position as citizens, consumers, users and decision makers in innovative processes.<\/p>\n<p>Designed artefacts and services influence our lives and values, both from personal and societal perspectives. Designers, decision makers and investors hold different positions in the design process, but they all make choices that will influence new innovations and our future. In order to solve crucial global challenges, designers and investors must cooperate; for this purpose, we argue that design literacy is necessary for all. We argue that the Design Literacies can support practices associated with innovation, democratic participation in design processes, developing and enacting ethical responsibilities, and understanding and supporting sustainable aspects of production and consumption.<\/p>\n<p>The track call for researchers to explore the following points:<\/p>\n<ul>\n<li>How development of Design Literacy can support critical innovation and sustainable issues<\/li>\n<li>Progressions in scaffolding Design Literacies from a pre-school to a university level<\/li>\n<li>The potential of Design Literacy to support collaborative and experimental approaches of projects between: investors\/designers, general public\/designers, children\/designers<\/li>\n<li>How design education for\u00a0the\u00a0general public can represent both a foundation for professional design education and a prequalification for lay persons\u2019 competence for decision-making and critical innovation<\/li>\n<li>How might Design Literacy influence sustainability issues in society?<\/li>\n<li>What are the challenges of professional design, when everyone wants to design?<\/li>\n<\/ul>\n<p>Research addressing above points will be useful to promote critical innovation and to inform policy and educational implementation. The importance lies in the needs to better inform design education itself, to improve the approach of design educators, and to educate reflective citizens, policy makers, entrepreneurships and consumers in perspective of critical innovation.<\/p>\n<p>Selected papers from the Track will form a special issue of the journal <em>FormAkademisk<\/em>. Chief editor Janne Reitan will lead the selection. \u2013 <a href=\"mailto:janne.reitan@oslomet.no\">janne.reitan@oslomet.no<\/a><\/p>\n<p><strong>Indicative References<\/strong><\/p>\n<p>Christensen, K. S., Hjorth, M., Iversen, O. S., &amp; Blikstein, P. (2016). Towards a formal assessment of design literacy: Analyzing K-12 students&#8217; stance towards inquiry.\u00a0<em>Design Studies<\/em>,\u00a0<em>46<\/em>, 125\u2013151. doi:10.1016\/j.destud.2016.05.002<\/p>\n<p>Coiro, Julie; Knobel, Michele; Lankshear, Colin and Donal J. Leu. (2008). Central issues in new literacies and new literacies research. In <em>Handbook of new literacies research<\/em> edited by J. Coiro, M. Knobel, C. Lankshear and D. J. Leu. New York: Lawrence Erlbaum Associates.<\/p>\n<p>Green, M. (2014). Transformational design literacies: Children as active place-makers.\u00a0<em>Children&#8217;s Geographies<\/em>,\u00a0<em>12<\/em>(2), 189\u2013204. doi:10.1080\/14733285.2013.812305<\/p>\n<p>Nielsen, Liv Merete, &amp; Br\u00e6nne, Karen. (2013). Design literacy for longer-lasting products. <em>Studies in material thinking, 9<\/em>, 1\u20139.<\/p>\n<p>Stegall, Nathan. (2006). Designing for Sustainability: A Philosophy for Ecologically Intentional Design. <em>Design Issues, 22<\/em>(2):56\u201363. doi:10.1162\/desi.2006.22.2.56<\/p>\n<p><a href=\"https:\/\/designinnovationmanagement.com\/2019\/papers\/\">\u2b05\u00a0FULL TRACK LIST<\/a><\/p>\n","protected":false},"excerpt":{"rendered":"<p>*Liv Merete Nielsen, Oslo Metropolitan University, Norway Eva Lutn\u00e6s, Oslo Metropolitan University, Norway Mia Porko-Hudd, \u00c5bo Akademi University, Finland \u00darsula Bravo, Universidad del Desarrollo &amp; Pontificia Universidad Cat\u00f3lica de Chile, Santiago Chile Catalina Cort\u00e9s, Universidad del Desarrollo, Santiago Chile Rita Assoreira Almendra, Universidade de Lisboa, Portugal Erik Bohemia, Loughborough University, UK *contact:\u00a0livmerete.nielsen@oslomet.no Design Literacy can&hellip; <a class=\"continue\" href=\"https:\/\/designinnovationmanagement.com\/2019\/track-6-b\/\"><span> Track 6.b Design Literacy enabling Critical Innovation Practices<\/span><\/a><\/p>\n","protected":false},"author":1,"featured_media":0,"parent":0,"menu_order":0,"comment_status":"closed","ping_status":"closed","template":"","meta":{"inline_featured_image":false,"footnotes":""},"class_list":["post-182","page","type-page","status-publish","hentry"],"_links":{"self":[{"href":"https:\/\/designinnovationmanagement.com\/2019\/wp-json\/wp\/v2\/pages\/182","targetHints":{"allow":["GET"]}}],"collection":[{"href":"https:\/\/designinnovationmanagement.com\/2019\/wp-json\/wp\/v2\/pages"}],"about":[{"href":"https:\/\/designinnovationmanagement.com\/2019\/wp-json\/wp\/v2\/types\/page"}],"author":[{"embeddable":true,"href":"https:\/\/designinnovationmanagement.com\/2019\/wp-json\/wp\/v2\/users\/1"}],"replies":[{"embeddable":true,"href":"https:\/\/designinnovationmanagement.com\/2019\/wp-json\/wp\/v2\/comments?post=182"}],"version-history":[{"count":0,"href":"https:\/\/designinnovationmanagement.com\/2019\/wp-json\/wp\/v2\/pages\/182\/revisions"}],"wp:attachment":[{"href":"https:\/\/designinnovationmanagement.com\/2019\/wp-json\/wp\/v2\/media?parent=182"}],"curies":[{"name":"wp","href":"https:\/\/api.w.org\/{rel}","templated":true}]}}