{"id":87,"date":"2016-06-10T09:19:37","date_gmt":"2016-06-10T09:19:37","guid":{"rendered":"https:\/\/designinnovationmanagement.com\/2019\/?page_id=87"},"modified":"2020-01-14T04:06:51","modified_gmt":"2020-01-14T04:06:51","slug":"dma-2017-information","status":"publish","type":"page","link":"https:\/\/designinnovationmanagement.com\/2019\/","title":{"rendered":"Information"},"content":{"rendered":"<h2 style=\"color: #0dbed4;\">ADIM 2019 Conference Proceedings<\/h2>\n<p>&gt; You can access the ADIM 2019 conference proceeding from <a href=\"http:\/\/academicarchives.org\/index.php\/adim\/\"><strong style=\"text-decoration: underline; color: #cb0079;\">this link<\/strong><\/a>.<br \/>\nPlease note the proceedings have been indexed by the Google Scholar and Crossref<\/p>\n<p>for any queries please contact <a href=\"mailto:erik.bohemia@designinnovationmanagement.com\"><strong style=\"text-decoration: underline; color: #cb0079;\">Erik Bohemia<\/strong><\/a><\/p>\n<h2 style=\"color: #0dbed4;\">ADIM 2019 Top III Awards<\/h2>\n<p>We would like to congratulate to the ADIM 2019 Top III Awards recipients in the following categories:<\/p>\n<h4><strong>Top III papers<\/strong><\/h4>\n<p><em>C<a href=\"https:\/\/www.conftool.org\/adim2019\/index.php\/Track_2.a-Colonizing_Innovation-261Chaturvedi_a.pdf?page=downloadPaper&amp;filename=Track_2.a-Colonizing_Innovation-261Chaturvedi_a.pdf&amp;form_id=261&amp;form_version=final\">olonizing Innovation: The Case of Jugaad<\/a> <\/em>authored by Abhinav Chaturvedi, Alf Rehn and Abhinav Chaturvedi<\/p>\n<p><a href=\"https:\/\/www.conftool.org\/adim2019\/index.php\/Track_6.b-Framing_the_concept_design_literacy_for_a_general_public-224Lutn%C3%A6s_a.pdf?page=downloadPaper&amp;filename=Track_6.b-Framing_the_concept_design_literacy_for_a_general_public-224Lutn%C3%A6s_a.pdf&amp;form_id=224&amp;form_version=final\"><em>Framing the concept design literacy<\/em><\/a> for a general public authored by Eva Lutn\u00e6s<\/p>\n<p><a href=\"https:\/\/www.conftool.org\/adim2019\/index.php\/Track_2.b-Redesign_democratic_debates-274Arets_a.pdf?page=downloadPaper&amp;filename=Track_2.b-Redesign_democratic_debates-274Arets_a.pdf&amp;form_id=274&amp;form_version=final\"><em>Redesign democratic debates authored<\/em><\/a> by Danielle Arets and Bas Raijmakers<\/p>\n<h4><strong>Top III papers contributed by PhD candidates<\/strong><\/h4>\n<p><em>Reframing Healthcare: Emerging Health Design Opportunities <\/em>authored by Aidan Rowe and Michelle Knox<\/p>\n<p><em>The practice of \u2018managing as designing\u2019<\/em> authored by Mustafa Sel\u00e7uk \u00c7\u0131d\u0131k, Vedran Zerjav and Vasiliki Papagiannopoulou<\/p>\n<p><em>Representations of Design Process<\/em> authored by \u00darsula Bravo and Erik Bohemia<\/p>\n<h4><strong>Top III Workshops<\/strong><\/h4>\n<p><em>A Semiotic Rosetta Stone Workshop: Enhancing visual communication through design semiotics <\/em>authored by Dave Wood<\/p>\n<p><em>Design for Climate Services: A Co-Design Approach<\/em> authored by Melanie Woods, Drew Hemment, Raquel Ajates Gonzalez and George Konsta<\/p>\n<p><em>Big Design &#8211; Designing at scale authored<\/em> by Bertil Lindenfalk, Andrea Resmini, Terence Fenn and Jason Hobbs<\/p>\n<h4><strong>Top III Case Studies<\/strong><\/h4>\n<p><em>Design + Social Impact: a Workshop in Cairo<\/em> authored by Mark James Randall and John Bruce<\/p>\n<p><em>Causing a Stir: Co-creating a Crowd-voted Grants Platform for Creative Entrepreneurs<\/em> authored by Camilo Sergio Potocnjak-Oxman and Vincent Ward<\/p>\n<p><em>Integrating Business and Design through Experiential Learning<\/em> authored by Charlotta Windahl<\/p>\n<h4><strong>Top III for Upcoming Early Career Researchers<\/strong><\/h4>\n<p>Lisa Kayser<\/p>\n<p>Stefanie Rothk\u00f6tter<\/p>\n<p>Katja Thorning<\/p>\n<h2 style=\"color: #0dbed4;\">Conference Programme<\/h2>\n<p>&gt; You can access the conference programme from <a href=\"https:\/\/www.conftool.org\/adim2019\/index.php?page=browseSessions&amp;cols=6&amp;mode=table&amp;presentations=show\"><strong style=\"text-decoration: underline; color: #cb0079;\">this link<\/strong><\/a>.<br \/>\nPlease note that it may change as we will move closer to the conference.<\/p>\n<h2 style=\"color: #0dbed4;\">Conference Registration<\/h2>\n<p>&gt; You can register now using <a href=\"https:\/\/store.lboro.ac.uk\/conferences-and-events\/loughborough-university-london\/upcoming-events\/research-perspectives-in-the-era-of-transformations\"><strong style=\"text-decoration: underline; color: #cb0079;\">this link<\/strong><\/a>.<\/p>\n<p><strong>&gt;<\/strong> The <strong>registration fee information<\/strong> can be <a href=\"https:\/\/designinnovationmanagement.com\/2019\/registration\/\"><span style=\"text-decoration: underline; color: #cb0079;\"><strong>accessed here<\/strong><\/span><\/a><\/p>\n<h2 style=\"color: #0dbed4;\">The Paper, Case Study and Workshop Templates:<\/h2>\n<p>&gt; <em>A<\/em>DIM 2019 <strong>Paper Template<\/strong> for author(s) from a <strong>single organisation<\/strong> Download the paper template<br \/>\n<a href=\"https:\/\/designinnovationmanagement.com\/pub\/ADIM2019_SingleOrganisation.docx\">https:\/\/designinnovationmanagement.com\/pub\/ADIM2019_SingleOrganisation.docx<\/a><\/p>\n<p>&gt; <em>A<\/em>DIM 2019<strong> Paper Template <\/strong>for authors from<strong> multiple organisations <\/strong>Download the paper template<strong><br \/>\n<\/strong><a href=\"https:\/\/designinnovationmanagement.com\/pub\/ADIM2019_MultipleOrganisations.docx\">https:\/\/designinnovationmanagement.com\/pub\/ADIM2019_MultipleOrganisations.docx<\/a><\/p>\n<p>&#8230;&#8230;&#8230;&#8230;&#8230;&#8230;<\/p>\n<p>&gt; <em>A<\/em>DIM 2019 <strong>Case Study Template<\/strong> for author(s) from a <strong>single organisation<\/strong> Download the case study template<br \/>\n<a href=\"https:\/\/designinnovationmanagement.com\/pub\/ADIM2019CasesSingleOrganisation.docx\">https:\/\/designinnovationmanagement.com\/pub\/ADIM2019CasesSingleOrganisation.docx<\/a><\/p>\n<p>&gt; <em>A<\/em>DIM 2019 <strong>Case Study Template<\/strong> for authors from <strong>multiple organisations<\/strong> Download the case study template<br \/>\n<a href=\"https:\/\/designinnovationmanagement.com\/pub\/ADIM2019CasesMultipleOrganisation.docx\">https:\/\/designinnovationmanagement.com\/pub\/ADIM2019CasesMultipleOrganisation.docx<\/a><\/p>\n<p>&#8230;&#8230;&#8230;&#8230;&#8230;&#8230;<\/p>\n<p>&gt; <em>A<\/em>DIM 2019 <strong>Workshops Template<\/strong> for author(s) from a single organisation Download the paper template<br \/>\n<a style=\"background-color: #ffffff;\" href=\"https:\/\/designinnovationmanagement.com\/pub\/ADIM2019WorkshopsSingleOrganisation.docx\">https:\/\/designinnovationmanagement.com\/pub\/ADIM2019WorkshopsSingleOrganisation.docx<\/a><\/p>\n<p>&gt; <em>A<\/em>DIM 2019 <strong>Workshops Template<\/strong> for authors from <strong>multiple organisations<\/strong> Download the paper template<br \/>\n<a href=\"https:\/\/designinnovationmanagement.com\/pub\/ADIM2019WorkshopsMultipleOrganisations.docx\">https:\/\/designinnovationmanagement.com\/pub\/ADIM2019WorkshopsMultipleOrganisations.docx<\/a><\/p>\n<p>&nbsp;<\/p>\n<p>&nbsp;<\/p>\n<hr \/>\n<div><\/div>\n<div>\n<h2><em><span style=\"color: #0dbed4;\"><br \/>\nAcademy for\u00a0<\/span><\/em><span style=\"color: #0dbed4;\"><strong>Design Innovation Management | 2019 London<\/strong><\/span><\/h2>\n<\/div>\n<div>\n<h4><span style=\"color: #cb0079;\"><em>Research Perspectives In the era of <strong>Transformations\u00a0<\/strong><\/em><\/span><\/h4>\n<\/div>\n<div>\n<p><strong>Hosted by | Loughborough University\u00a0London<br \/>\nConference dates | 18\u201321 June 2019 London, United Kingdom<br \/>\n<\/strong><\/p>\n<\/div>\n<div>\n<p>The\u00a0<em>Academy for<\/em>\u00a0Design Innovation Management 2019 London International Research Conference will be hosted by Loughborough University London. The\u00a0<em>A<\/em>DIM International Research Conference 2019 is organised in collaboration with members from international partners: <a href=\"http:\/\/www.polyu.edu.hk\/\">Hong Kong Polytechnic<\/a>, <a href=\"https:\/\/www.polimi.it\/en\/\">Politecnico di Milano<\/a>, <a href=\"https:\/\/www.utwente.nl\/en\/\">the University of Twente<\/a>, <a href=\"http:\/\/www.hioa.no\/eng\/\">Oslo Metropolitan University<\/a>, <a href=\"https:\/\/www.mhmk-international.org\/\">Macromedia University<\/a>, <a href=\"http:\/\/www.tecnun.es\/\">Tecnun<\/a>, <a href=\"https:\/\/www.southampton.ac.uk\/\">the University of Southampton<\/a>, <a href=\"http:\/\/www.metu.edu.tr\/\">Middle East Technical University<\/a>, <a href=\"https:\/\/www.ulisboa.pt\/en\">Universidade de Lisboa<\/a>, <a href=\"https:\/\/www.rmit.edu.au\/\">RMIT University<\/a> and <a href=\"https:\/\/www.tudelft.nl\/en\/\">Delft University of Technology<\/a>.<\/p>\n<\/div>\n<div>\n<p>Last year this biannual conference was hosted by <a href=\"http:\/\/www.sd.polyu.edu.hk\/en\/\">the Design School at the Hong Kong Polytechnic<\/a>. The 2017 four-volume conference proceedings are available on the 2017 conference website\u00a0<a href=\"https:\/\/designinnovationmanagement.com\/dma2017\/\">https:\/\/designinnovationmanagement.com\/dma2017\/<\/a><\/p>\n<\/div>\n<div>\n<p><strong>We look forward to welcoming you to the #ADIM2019 Conference in London!<\/strong><\/p>\n<p><img loading=\"lazy\" decoding=\"async\" class=\"alignleft wp-image-3150 size-thumbnail\" src=\"https:\/\/designinnovationmanagement.com\/2019\/wp-content\/uploads\/sites\/2\/2019\/01\/undraw_Building_vpxo-150x150.png\" alt=\"\" width=\"150\" height=\"150\" \/><\/p>\n<h3><strong>Not sure where to stay?<br \/>\n<\/strong><strong><a href=\"https:\/\/designinnovationmanagement.com\/2019\/accommodation\/\">Check our guide!<\/a>???<\/strong><\/h3>\n<\/div>\n<p>&nbsp;<\/p>\n<p>&nbsp;<\/p>\n<p>&nbsp;<\/p>\n<hr \/>\n<h2>Passed Call for Papers, Call for Workshops and Call for Case studies<\/h2>\n<p><img loading=\"lazy\" decoding=\"async\" class=\"alignleft wp-image-3234 size-full\" src=\"https:\/\/designinnovationmanagement.com\/2019\/wp-content\/uploads\/sites\/2\/2019\/01\/2019_CallForALLpapers.png\" alt=\"\" width=\"181\" height=\"181\" srcset=\"https:\/\/designinnovationmanagement.com\/2019\/wp-content\/uploads\/sites\/2\/2019\/01\/2019_CallForALLpapers.png 181w, https:\/\/designinnovationmanagement.com\/2019\/wp-content\/uploads\/sites\/2\/2019\/01\/2019_CallForALLpapers-150x150.png 150w\" sizes=\"auto, (max-width: 181px) 100vw, 181px\" \/><\/p>\n<h2 style=\"color: #0dbed4;\"><span style=\"color: #0dbed4;\"><a style=\"color: #0dbed4;\" href=\"https:\/\/designinnovationmanagement.com\/2019\/papers\/\">Call for Papers<\/a><\/span><\/h2>\n<p>The <strong><em>Academy for<\/em> Design Innovation Management<\/strong> invites the international community of scholars to submit research papers.<br \/>\n<strong>&gt;<\/strong> The <strong>list of conference Tracks<\/strong> and information about the submission process is <span style=\"text-decoration: underline;\"><strong><a href=\"https:\/\/designinnovationmanagement.com\/2019\/papers\/\"><span style=\"color: #cb0079; text-decoration: underline;\">available here<\/span><\/a>.<br \/>\n<\/strong><\/span><\/p>\n<p>&nbsp;<\/p>\n<p>&nbsp;<\/p>\n<p>&nbsp;<\/p>\n<p><img loading=\"lazy\" decoding=\"async\" class=\"alignleft wp-image-3311 size-full\" src=\"https:\/\/designinnovationmanagement.com\/2019\/wp-content\/uploads\/sites\/2\/2019\/02\/2019_CallForALLWORKSHOPS-ex.png\" alt=\"\" width=\"181\" height=\"181\" srcset=\"https:\/\/designinnovationmanagement.com\/2019\/wp-content\/uploads\/sites\/2\/2019\/02\/2019_CallForALLWORKSHOPS-ex.png 181w, https:\/\/designinnovationmanagement.com\/2019\/wp-content\/uploads\/sites\/2\/2019\/02\/2019_CallForALLWORKSHOPS-ex-150x150.png 150w\" sizes=\"auto, (max-width: 181px) 100vw, 181px\" \/><\/p>\n<h2 style=\"color: #0dbed4;\"><a href=\"https:\/\/designinnovationmanagement.com\/2019\/workshops\/\"><span style=\"color: #0dbed4;\">Call for Workshops<\/span><\/a><\/h2>\n<p>The\u00a0<strong><em>Academy for<\/em> Design Innovation Management<\/strong> conference invites proposals for workshops that will engage and reflect upon the conference theme \u201cResearch Perspectives In the era of Transformations\u201d.\u00a0 The information and the full call can be\u00a0<a href=\"https:\/\/designinnovationmanagement.com\/2019\/workshops\/\"><span style=\"text-decoration: underline; color: #cb0079;\"><strong>accessed here<\/strong><\/span><\/a>.<\/p>\n<p>&nbsp;<\/p>\n<p>&nbsp;<\/p>\n<p>&nbsp;<\/p>\n<p><img loading=\"lazy\" decoding=\"async\" class=\"wp-image-3051 size-full alignleft\" src=\"https:\/\/designinnovationmanagement.com\/2019\/wp-content\/uploads\/sites\/2\/2018\/12\/2019_CallForALLCaseStudies.png\" alt=\"\" width=\"181\" height=\"181\" srcset=\"https:\/\/designinnovationmanagement.com\/2019\/wp-content\/uploads\/sites\/2\/2018\/12\/2019_CallForALLCaseStudies.png 181w, https:\/\/designinnovationmanagement.com\/2019\/wp-content\/uploads\/sites\/2\/2018\/12\/2019_CallForALLCaseStudies-150x150.png 150w\" sizes=\"auto, (max-width: 181px) 100vw, 181px\" \/><\/p>\n<h2 style=\"color: #0dbed4;\"><a href=\"https:\/\/designinnovationmanagement.com\/2019\/casestudies\/\"><span style=\"color: #0dbed4;\">Call for Case Studies<\/span><\/a><\/h2>\n<p>The<strong>\u00a0<em>Academy for<\/em> Design Innovation Management<\/strong>\u00a0invites an international community of scholars and practitioners to share their stories from the frontlines.\u00a0<b> <\/b>The information and the full call can be <span style=\"text-decoration: underline;\"><strong><a href=\"https:\/\/designinnovationmanagement.com\/2019\/casestudies\/\"><span style=\"color: #cb0079; text-decoration: underline;\">available here<\/span><\/a>.<\/strong><\/span><\/p>\n<p>&nbsp;<\/p>\n<p>&nbsp;<\/p>\n<p>&nbsp;<\/p>\n<h2 style=\"color: #0dbed4;\"><img loading=\"lazy\" decoding=\"async\" class=\"alignleft wp-image-3212 size-full\" src=\"https:\/\/designinnovationmanagement.com\/2019\/wp-content\/uploads\/sites\/2\/2019\/01\/2019_Phdtraining.png\" alt=\"\" width=\"181\" height=\"181\" srcset=\"https:\/\/designinnovationmanagement.com\/2019\/wp-content\/uploads\/sites\/2\/2019\/01\/2019_Phdtraining.png 181w, https:\/\/designinnovationmanagement.com\/2019\/wp-content\/uploads\/sites\/2\/2019\/01\/2019_Phdtraining-150x150.png 150w\" sizes=\"auto, (max-width: 181px) 100vw, 181px\" \/><a href=\"https:\/\/designinnovationmanagement.com\/2019\/collective\/\"><span style=\"color: #0dbed4;\">Call to participate in\u00a0<em>A<\/em>DIM Collective 2019 Research Development Workshop<\/span><\/a><\/h2>\n<p>Call to Participate in the <em>A<\/em>DIM Collective 2019 Research Development Workshop. One of the goals of the <em>A<\/em>DIM is to provide a support for early career design researchers. An active intensive seminar in form of poster session involving early researchers and experts from different countries. The poster session will aim to facilitate active dialogue and networking amongst the <em>A<\/em>DIM Collective 2019 Research Development Workshop participants. Submission\u00a0deadline is<strong> Tuesday 12 March 2019.\u00a0<\/strong><b>The information on how to express\u00a0your interest is\u00a0at\u00a0<\/b><strong><a style=\"color: #cb0079;\" href=\"https:\/\/designinnovationmanagement.com\/2019\/collective\/\">https:\/\/designinnovationmanagement.com\/2019\/collective\/<\/a><\/strong><\/p>\n<p>&nbsp;<\/p>\n<p>&nbsp;<\/p>\n<hr \/>\n<p><img loading=\"lazy\" decoding=\"async\" class=\"wp-image-3118 size-medium alignleft\" src=\"https:\/\/designinnovationmanagement.com\/2019\/wp-content\/uploads\/sites\/2\/2018\/12\/bursaries-300x300.png\" alt=\"\" width=\"300\" height=\"300\" srcset=\"https:\/\/designinnovationmanagement.com\/2019\/wp-content\/uploads\/sites\/2\/2018\/12\/bursaries-300x300.png 300w, https:\/\/designinnovationmanagement.com\/2019\/wp-content\/uploads\/sites\/2\/2018\/12\/bursaries-150x150.png 150w, https:\/\/designinnovationmanagement.com\/2019\/wp-content\/uploads\/sites\/2\/2018\/12\/bursaries.png 764w\" sizes=\"auto, (max-width: 300px) 100vw, 300px\" \/><\/p>\n<h2><em>A<\/em>DIM 2019 Complementary Places and Full BURSARIES for Early Career Researchers from the Global South countries<\/h2>\n<p><strong>&gt;<\/strong>\u00a0Check for <a href=\"https:\/\/designinnovationmanagement.com\/2019\/bursaries\/\"><span style=\"text-decoration: underline; color: #cb0079;\"><strong>more information on how to apply<\/strong><\/span><\/a><\/p>\n<p>&nbsp;<\/p>\n<p>&nbsp;<\/p>\n<p>&nbsp;<\/p>\n<p>&nbsp;<\/p>\n<p>&nbsp;<\/p>\n<p>&nbsp;<\/p>\n<hr \/>\n<div>\n<p><img loading=\"lazy\" decoding=\"async\" class=\"alignright wp-image-2657 size-medium\" src=\"https:\/\/designinnovationmanagement.com\/2019\/wp-content\/uploads\/sites\/2\/2018\/10\/weneedyou-300x300.png\" alt=\"\" width=\"300\" height=\"300\" srcset=\"https:\/\/designinnovationmanagement.com\/2019\/wp-content\/uploads\/sites\/2\/2018\/10\/weneedyou-300x300.png 300w, https:\/\/designinnovationmanagement.com\/2019\/wp-content\/uploads\/sites\/2\/2018\/10\/weneedyou-150x150.png 150w, https:\/\/designinnovationmanagement.com\/2019\/wp-content\/uploads\/sites\/2\/2018\/10\/weneedyou.png 764w\" sizes=\"auto, (max-width: 300px) 100vw, 300px\" \/><\/p>\n<h2><span style=\"color: #0dbed4;\">Call for\u00a0support Early Career Researchers from developing countries<\/span><\/h2>\n<p>The <strong><em>Academy for<\/em> Design Innovation Management (<em>A<\/em>DIM) Conference<\/strong> operates as a platform for knowledge creation, collaboration and advancement across a diverse range of Design Innovation and Design Management discipline areas. The conference attracts speakers and attendees from across the globe, including recognised industry professionals, international scholars and emerging researchers operating in the creative, commercial and service industries.<br \/>\n<strong>Early career researchers<\/strong> play a pivotal role in the development of new research, and make a significant contribution to the advancement of design innovation management as a discipline. Unfortunately, the opportunity to travel to conferences is not equally distributed amongst researchers. At the <strong><em>A<\/em>DIM 2019 <\/strong>conference we would like to ensure equal opportunities for contribution to the conference topics, by providing bursaries for early career researchers less able to afford the costs related to attending a conference. The aim of such bursaries is to specifically encourage early career researchers from developing countries to apply and attend the conference.<br \/>\nBy sponsoring the fund, you will provide an opportunity for an early career researcher to attend the conference, present their research and gain feedback on their work, as well as network with other design innovation scholars and possibly forge exciting, new research partnerships. <strong>100% of your donation will be used to fund the travel, accommodation and conference fees<\/strong>. The suggested sponsorship level is \u00a32000 enabling one person to attend. For more information, please contact <strong><a href=\"erik.bohemia@designinnovationmanagement.com\">Erik Bohemia<\/a> <\/strong>(<a href=\"mailto:erik.bohemia@designinnovationmanagement.com\">erik.bohemia@designinnovationmanagement.com<\/a>).<\/p>\n<\/div>\n<div>\n<p><strong><img loading=\"lazy\" decoding=\"async\" class=\"alignnone wp-image-2667\" src=\"https:\/\/designinnovationmanagement.com\/2019\/wp-content\/uploads\/sites\/2\/2018\/10\/pdf-icon-150x150.png\" alt=\"a hyper link to PDF poster to support earlier career researchers to present their work at the ADIM 2019\" width=\"31\" height=\"34\" \/>\u00a0Download<\/strong> the <a href=\"https:\/\/designinnovationmanagement.com\/2019\/wp-content\/uploads\/sites\/2\/2018\/10\/poster-emergingv2.pdf\">full poster here<\/a>.<\/p>\n<\/div>\n<div>\n<p>&nbsp;<\/p>\n<\/div>\n","protected":false},"excerpt":{"rendered":"<p>ADIM 2019 Conference Proceedings &gt; You can access the ADIM 2019 conference proceeding from this link. Please note the proceedings have been indexed by the Google Scholar and Crossref for any queries please contact Erik Bohemia ADIM 2019 Top III Awards We would like to congratulate to the ADIM 2019 Top III Awards recipients in&hellip; <a class=\"continue\" href=\"https:\/\/designinnovationmanagement.com\/2019\/\"><span> Information<\/span><\/a><\/p>\n","protected":false},"author":1,"featured_media":0,"parent":0,"menu_order":0,"comment_status":"closed","ping_status":"closed","template":"","meta":{"inline_featured_image":false,"footnotes":""},"class_list":["post-87","page","type-page","status-publish","hentry"],"_links":{"self":[{"href":"https:\/\/designinnovationmanagement.com\/2019\/wp-json\/wp\/v2\/pages\/87","targetHints":{"allow":["GET"]}}],"collection":[{"href":"https:\/\/designinnovationmanagement.com\/2019\/wp-json\/wp\/v2\/pages"}],"about":[{"href":"https:\/\/designinnovationmanagement.com\/2019\/wp-json\/wp\/v2\/types\/page"}],"author":[{"embeddable":true,"href":"https:\/\/designinnovationmanagement.com\/2019\/wp-json\/wp\/v2\/users\/1"}],"replies":[{"embeddable":true,"href":"https:\/\/designinnovationmanagement.com\/2019\/wp-json\/wp\/v2\/comments?post=87"}],"version-history":[{"count":0,"href":"https:\/\/designinnovationmanagement.com\/2019\/wp-json\/wp\/v2\/pages\/87\/revisions"}],"wp:attachment":[{"href":"https:\/\/designinnovationmanagement.com\/2019\/wp-json\/wp\/v2\/media?parent=87"}],"curies":[{"name":"wp","href":"https:\/\/api.w.org\/{rel}","templated":true}]}}