{"id":891,"date":"2017-01-10T12:57:48","date_gmt":"2017-01-10T12:57:48","guid":{"rendered":"https:\/\/designinnovationmanagement.com\/2019\/?page_id=891"},"modified":"2019-03-17T14:51:21","modified_gmt":"2019-03-17T14:51:21","slug":"review-board","status":"publish","type":"page","link":"https:\/\/designinnovationmanagement.com\/2019\/review-board\/","title":{"rendered":"ADIM 2019 International Peer Review Scientific Board"},"content":{"rendered":"<p>Mersha Aftab, Northumbria University, UK<\/p>\n<p>Marco Ajovalasit, Politecnico di Milano, Italy<\/p>\n<p>Canan Akoglu, Design School Kolding, Denmark<\/p>\n<p>Rhea Alexander, Parsons School of Design, USA<\/p>\n<p>Mauricy Alves da Motta Filho, University of Twente, Netherlands<\/p>\n<p>Curtis Anderson, Brigham Young University, USA<\/p>\n<p>Leah Armstrong, University of Applied Arts Vienna, Austria<\/p>\n<p>Rita Assoreira Almendra, Universidade de Lisboa, Portugal<\/p>\n<p>Andrea Augsten, University of Wuppertal, Germany<\/p>\n<p>Nermin Azabagic, IBM Interactive\/ RMIT University<\/p>\n<p>Ehsan Baha, Delft University of Technology, Netherlands<\/p>\n<p>Mark Bailey, Northumbria University, UK<\/p>\n<p>Suchitra Balasubrahmanyan, Ambedkar University, Delhi, India<\/p>\n<p>Brian Baldassarre, TU Delft, Netherlands<\/p>\n<p>Neal Bangerter, Imperial College of Science, UK<\/p>\n<p>Luc Beal, ESC Larochelle, France<\/p>\n<p>Janne Beate Reitan, Oslo Metropolitan University, Norway<\/p>\n<p>Ang\u00e8le Beausoleil, Rotman School of Management, Toronto, Canada<\/p>\n<p>F\u00e9lix Bendito Mu\u00f1oz de Cuerva, Universidad Polit\u00e9cnica de Madrid, Spain<\/p>\n<p>Sucharita Beniwal, National Institute of Design, India<\/p>\n<p>Estelle Berger, Strate Scool of Design, France<\/p>\n<p>Mattia Bianchi, Stockholm School of Economics, Sweden<\/p>\n<p>Mieke van der Bijl-Brouwer, University of Technology Sydney, Australia<\/p>\n<p>Peter Bishop, University of Houston, USA<\/p>\n<p>Bart Bluemink, Delft University of Technology, Netherlands<\/p>\n<p>Guillaume Blum, Laval University, Canada<\/p>\n<p>Nancy Bocken, Lund University, Sweden<\/p>\n<p>Joanna Boehnert, Loughborough University, UK<\/p>\n<p>Erik Bohemia, Loughborough University, UK<\/p>\n<p>Roberto Bologna, Universit\u00e0 degli Studi di Firenze, Italy<\/p>\n<p>Brigitte Borja de Mozota, Designence, France<\/p>\n<p>Stephen Boyd Davis, RCA, UK<\/p>\n<p>Suzan Boztepe, Malm\u00f6 University, Sweden<\/p>\n<p>Jennifer Bratherton, Regent\u2019s University London, United Kingdom<\/p>\n<p>\u00darsula Bravo, Universidad del Desarrollo &amp; Pontificia Universidad Cat\u00f3lica de Chile, Santiago Chile<\/p>\n<p>Antonius van den Broek, Loughborough University, UK<\/p>\n<p>Sarah Brooke Brooks, U.S. Department of Veterans Affairs, United States<\/p>\n<p>Pablo Bris Marino, Universidad Polit\u00e9cnica de Madrid, Spain<\/p>\n<p>Kaja Tooming Buchanan, Tongji University, College of Design and Innovation, United States<\/p>\n<p>Sam Bucolo, Australia<\/p>\n<p>J\u00f6rn B\u00fchring, Hong Kong Polytechnic University, Honk Kong<\/p>\n<p>Kathryn Burns, Birmingham City University, United Kingdom<\/p>\n<p>Jun Cai, Tsinghua University, China<\/p>\n<p>Giulia Calabretta, Delft University of Technology, Netherlands<\/p>\n<p>Robert Ian Campbell, Loughborough University, United Kingdom<\/p>\n<p>Marina Candi, Reykjavik University, Iceland<\/p>\n<p>Elena Caratti, Politecnico di Milano, Italy<\/p>\n<p>Philip Cash, Technical University of Denmark, Denmark<\/p>\n<p>Cabirio Cautela, Politecnico di Milano, Italy<\/p>\n<p>Ming Cheung, Griffith University, Australia<\/p>\n<p>Chrystia Chudczak, University of Ottawa, Canada<\/p>\n<p>Mark Clark, American University, United States<\/p>\n<p>Jesper Clement, Copenhagen Business School, Denmark<\/p>\n<p>Matteo Ciastellard, Politecnico di Milano, Italy<\/p>\n<p>Rachel Cooper, Lancaster University, United Kingdom<\/p>\n<p>Alice Comi, Kingston Business School, UK<\/p>\n<p>Catalina Cort\u00e9s, Universidad del Desarrollo, Santiago Chile<\/p>\n<p>Paul Coulton, Lancaster University, UK<\/p>\n<p>Henri Hubertus Christiaans, UNIST, South Korea<\/p>\n<p>Alexandra Lara Crosby, UTS, Australia<\/p>\n<p>Cees de Bont, Loughborough University, UK<\/p>\n<p>Fleur Deken, VU University, the Netheland<\/p>\n<p>Federico Del Giorgio Solfa, National University of La Plata, Argentina<\/p>\n<p>Claudio Dell\u2019Era, Politecnico di Milano, Italy<\/p>\n<p>Thomas Dickson, Copenhagen Business School, Denmark<\/p>\n<p>Jan-Carel Diehl, TU Delft,the Netheland<\/p>\n<p>Ingvild Digranes, Western Norway University of Applied Sciences, Norway<\/p>\n<p>Jelle van Dijk, University of Twente, the Netherlands<\/p>\n<p>Felipe Domingues, State University of Minas Gerais, Brazil<\/p>\n<p>Steven Dorrestijn, Saxion University of Applied Sciences, the Netherlands<\/p>\n<p>Kees Dorst, University of Technology Sydney, Australia<\/p>\n<p>Katarzyna Dziewanowska, University of Warsaw, Poland<\/p>\n<p>Carlos Alberto Duarte, IADE\/ Universidade Europeia, Portugal<\/p>\n<p>Katarina Wetter, Edman, \u00d6rebro university, Sweden<\/p>\n<p>Wouter Eggink University of Twente, the Netherlands<\/p>\n<p>Nabil El-Hilali, ESCA \u00c9cole de Management, Morocco<\/p>\n<p>John Ensor, Edinburgh Napier University, United Kingdom<\/p>\n<p>\u00d6zlem Er, Istanbul Technical University, Turkey<\/p>\n<p>Ozgur Eris, The MITRE Corporation, United States<\/p>\n<p>Mark Evans, Loughborough University, United Kingdom<\/p>\n<p>Nusa Fain, Queen\u2019s University, Canada<\/p>\n<p>Jurgen Faust, Macromedia University of Applied Sciences, Germany<\/p>\n<p>Daniel Fitton, University of Central Lancashire, UK<\/p>\n<p>Georgina Louise Follett, University of Dundee, United Kingdom<\/p>\n<p>Aaron Fry, Parsons School of Design, USA<\/p>\n<p>Gorm Gabrielsen, Copenhagen Business School, Denmark<\/p>\n<p>Bo Gao, Tongji University, China<\/p>\n<p>Idil Gaziulusoy, Aalto University, Finland<\/p>\n<p>Gerda Gemser, RMIT University, Australia<\/p>\n<p>Aysar Ghassan, Coventry University, UK<\/p>\n<p>Joseph Giacomin, Brunel University London, UK<\/p>\n<p>Voula Gkatzidou, Brunel University London, UK<\/p>\n<p>Miaosen Gong, Jiangnan University, China<\/p>\n<p>Fan Fei, Tongji University, China<\/p>\n<p>Juliana Goga-Cooke, Loughborough University London, UK<\/p>\n<p>Miaosen Gong, Jiangnan University, China<\/p>\n<p>Manto Gotsi, Westminster Business School, UK<\/p>\n<p>Daniel Graff, Loughborough University London, United Kingdom<\/p>\n<p>Selena Griffith, University of New South Wales, Australia<\/p>\n<p>Stefano Gualeni, University of Malta, Malta<\/p>\n<p>Calin Gurau, Montpellier Business School, France<\/p>\n<p>Adrian Haberberg, Independent, United Kingdom<\/p>\n<p>David Hands, Lancaster University, UK<\/p>\n<p>Michael Andrew, Hann, University of Leeds, United Kingdom<\/p>\n<p>Preben Hansen, Stockholm University, Sweden<\/p>\n<p>Brian Harney, Dublin City University; Ireland<\/p>\n<p>Gillian Harvey, University of Alberta, Canada<\/p>\n<p>Gulay Hasdogan, Middle East Technical University, Turkey<\/p>\n<p>Nile Hatch, Brigham Young University, USA<\/p>\n<p>Anders Haug, Southern Danish University, Denmark<\/p>\n<p>Stefan Holmlid, Link\u00f6ping University, Sweden<\/p>\n<p>Gabor Horvath, University of South Wales, United Kingdom<\/p>\n<p>Zaana Howard, McKinsey and Company, Australia<\/p>\n<p>Bryan Howell, Brigham Young University, USA<\/p>\n<p>Yen Hsu, Tatung University, Taiwan, R.O.C.<\/p>\n<p>Fei Hu, Guangdong University of Technology, China<\/p>\n<p>Liesbeth Huybrechts, University of Hasselt, Belgium<\/p>\n<p>Claudine Jaenichen, Chapman University, USA<\/p>\n<p>Julie Jenson Bennett, Precipice Design, UK<\/p>\n<p>Birgit Helene Jevnaker, BI Norwegian Business School, Norway<\/p>\n<p>Julia Jonas, FAU Erlangen-N\u00fcrnberg, Germany<\/p>\n<p>Derek Jones, The Open University, UK<\/p>\n<p>Peter Jones, OCAD in full please, Canada<\/p>\n<p>Jaewoo Joo, Kookmin University, Korea<\/p>\n<p>Sarah JS Wilner, Wilfrid Laurier University, Canada<\/p>\n<p>Sabine Junginger, Lucerne University of Applied Sciences and Arts, Switzerland<\/p>\n<p>Titta Jylk\u00e4s, University of Lapland, Finland<\/p>\n<p>Ingo Karpen, RMIT University, Australia<\/p>\n<p>\u00c7i\u011fdem Kaya, Istanbul Technical University, Turkey<\/p>\n<p>Harun Kaygan, Middle East Technical University, Turkey<\/p>\n<p>P\u0131nar Kaygan, Middle East Technical University, Turkey<\/p>\n<p>Anna Keilbach, RMIT Melbourne, Australia<\/p>\n<p>Peter, Kelly, Aalto University, Finland<\/p>\n<p>Anthony, Kent, Nottingham Trent University, United Kingdom<\/p>\n<p>Euiyoung Kim, University of California, Berkeley, US<\/p>\n<p>Yong Se, Kim, Sungkyunkwan University, South Korea<\/p>\n<p>Nico Klenner, RMIT University<\/p>\n<p>John Knight, Aalto University, Finland<\/p>\n<p>Fatma Korkut, Middle East Technical University, Turkey<\/p>\n<p>Mikko Koria, Loughborough University London, United Kingdom<\/p>\n<p>Anika Kozlowska, Ryerson University, Canada<\/p>\n<p>Tore Kristensen, Copenhagen Business School, Denmark<\/p>\n<p>Essi Kuure, University of Lapland, Finland<\/p>\n<p>Ksenija Kuzmina, Loughborough University London<\/p>\n<p>Jo\u2019Anne Langham, University of Queensland, Australia<\/p>\n<p>Jeanne Liedtka, University of Virginia, United States<\/p>\n<p>Andre Liem, Norwegian University of Science and Technology, Norway<\/p>\n<p>Arnhild Liene Stenersen, Western Norway University of Applied Sciences, Norway<\/p>\n<p>Christine de Lille, TU Delft, Netherlands<\/p>\n<p>Tingyi S. Lin, National Taiwan University of Science &amp; Technology, Taiwan, R.O.C.<\/p>\n<p>Joseph Lindley, Lancaster University, UK<\/p>\n<p>Sylvia Xihui Liu, Hong Kong Polytechnic University, Hong Kong<\/p>\n<p>Tsai Lu Liu, North Carolina State University, United States<\/p>\n<p>Wei, Liu, Tongji University, China<\/p>\n<p>Xin Liu, Tsinghua university, China<\/p>\n<p>Cathy Anne Lockhart, University of Technology Sydney, Australia<\/p>\n<p>Dan Lockton, Carnegie Mellon University, USA<\/p>\n<p>Vicky Lofthouse, Loughborough University, UK<\/p>\n<p>Yongqi Lou, Tongji University, China<\/p>\n<p>Yuan Lu, Eindhoven University of Technology, Netherlands<\/p>\n<p>Dingbang Luh, National Cheng Kung University, Taiwan, R.O.C.<\/p>\n<p>Eva Lutn\u00e6s, Oslo Metropolitan University, Norway<\/p>\n<p>Stefano Magistretti, Politecnico di Milano, Italy<\/p>\n<p>Dominik Mahr, Maastricht University the Netherlands<\/p>\n<p>Anja Maier, Technical University of Denmark, Denmark<\/p>\n<p>Ezio Manzini, ELISABA, Spain<\/p>\n<p>Ruth Mateus-Berr, University of Applied Arts Vienna, Austria<\/p>\n<p>Sahil Mathur, National Institute of Design, India<\/p>\n<p>Paul Matthyssens, Antwerp Management School, Belgium<\/p>\n<p>Chris Mattson, Brigham Young University, USA<\/p>\n<p>John McCardle, Loughborough University, UK<\/p>\n<p>Elspeth McKay, RMIT University, Australia<\/p>\n<p>Liv Merete Nielsen, Oslo Metropolitan University, Norway<\/p>\n<p>Kerstin Mey, University of Limerick, Ireland<\/p>\n<p>Satu Miettinen, University of Lapland, Finland<\/p>\n<p>Katja Miheli\u010d, University of Ljubljana, Slovenia<\/p>\n<p>Karen Miller, University of Cambridge, United Kingdom<\/p>\n<p>Nicola Morelli, Aalborg University, Copenhagen, Denmark<\/p>\n<p>Gloria Moss, Buckinghamshire New University, United Kingdom<\/p>\n<p>James Moultrie, University of Cambridge, United Kingdom<\/p>\n<p>Mia M\u00fcnster, Copenhagen Business School, Denmark<\/p>\n<p>Darragh , Murphy, DUCO, Brazil<\/p>\n<p>Shinya Nagasawa, Waseda University, Japan<\/p>\n<p>Ki-Young, Nam, KAIST, South Korea<\/p>\n<p>Adam Nash, RMIT University, Australia<\/p>\n<p>Ulises Navarro Aguiar, University of Gothenburg, Sweden<\/p>\n<p>Kirsi Niinim\u00e4ki, Aalto University, Finland<\/p>\n<p>Ida Nilstad Pettersen, Norwegian University of Science and Technology, Norway<\/p>\n<p>Nithikul Nimkulrat, Estonian Academy of Arts, Estonia<\/p>\n<p>Lesley-Ann Noel, Stanford University, USA<\/p>\n<p>Dominika Noworolska, Nowo &amp; Associates, UK<\/p>\n<p>\u00c5sa \u00d6berg, Politecnico di Milano, Sweden<\/p>\n<p>Luis Oliveira, University of Warwick, United Kingdom<\/p>\n<p>I\u015f\u0131l Oyg\u00fcr, \u00d6zye\u011fin University, Turkey<\/p>\n<p>Fr\u00e9d\u00e9rique Pain, Strate Scool of Design, France<\/p>\n<p>Lia Patricio, University of Porto, Portugal<\/p>\n<p>Neil Paulsen, University of Queensland, Australia<\/p>\n<p>Elena Pellizzoni, Politecnico di Milano, Italy<\/p>\n<p>Cilla Pemberton, The University of the West Indies<\/p>\n<p>Oscar Person, Aalto University, Finland<\/p>\n<p>Fiona Peterson, Auckland University of Technology, New Zealand<\/p>\n<p>Ingrid Pettersson, Volvo Cars, Sweden<\/p>\n<p>Fernando Pinto Santos, Aalto University School of Business, Finland<\/p>\n<p>Marco Pironti, University of Torino, Italy<\/p>\n<p>Irini Pitsaki, Northumbria University, United Kingdom<\/p>\n<p>Silvia Pizzocaro, Politecnico di Milano, Italy<\/p>\n<p>Mia Porko-Hudd, \u00c5bo Akademi University, Finland<\/p>\n<p>Alun John Price, Edith Cowan University, Australia<\/p>\n<p>Rebecca Price, Delft University of Technology, the Netherlands<\/p>\n<p>Song Qiu, Tsinghua University, China<\/p>\n<p>Lucia Rampino, Politecnico di Milano, Italy<\/p>\n<p>Mark Randall, Parsons School of Design, USA<\/p>\n<p>Anniken Randers-Pehrson, University of Southeast-Norway, Norway<\/p>\n<p>Ingo Rauth, IE Business School, Madrid, Spain<\/p>\n<p>Dina Ricc\u00f3, Politecnico di Milano, Italy<\/p>\n<p>Alison Rieple, University of Westminster, UK<\/p>\n<p>Timo Rissanen, Parsons School of Design, US<\/p>\n<p>Aidan Rowe, University of Alberta, Canada<\/p>\n<p>Michele Rusk, Northumbria University, UK<\/p>\n<p>Chirryl-Lee Ryan, Idean, US<\/p>\n<p>Noemi Sadowska, Regent, United Kingdom<\/p>\n<p>Vilvapathy Sakthivel, National Institute of Design, India<\/p>\n<p>Juan Sanin, RMIT University, Australia<\/p>\n<p>Laura Santamaria, Loughborough University, UK<\/p>\n<p>Melanie Sarantou, the University of Lapland, Finland<\/p>\n<p>Kaisu Savola, Aalto University, Finland<\/p>\n<p>Jochen Schweitzer, University of Technology Sydney, Australia<\/p>\n<p>Nina Scott Frisch, Queen Mauds University College of Early Childhood Education, Norway<\/p>\n<p>Peter Scupelli, Carnegie Mellon University, USA<\/p>\n<p>Katherine Sellen, OCADU, Canada<\/p>\n<p>Hugues Seraphin, University of Winchester, UK<\/p>\n<p>Katarina Serulus, KU Leuven, Belgium<\/p>\n<p>Mathilde, Serup, Royal Academy of Fine Arts, Denmark<\/p>\n<p>Zhabiz Shafieyoun, University of Illinois Urbana- Champaign, USA<\/p>\n<p>Yongjiang Shi, University of Cambridge, UK<\/p>\n<p>Luca Simeone, Logic Moon, Sweden<\/p>\n<p>Lianne Simonse, Delft University of Technology, Netherlands<\/p>\n<p>Matt Sinclair, Loughborough University, UK<\/p>\n<p>Else Skjold, Design School Kolding, Denmark<\/p>\n<p>Frido Smulders, Delft University of Technology, the Netherlands<\/p>\n<p>Marja Soila-Wadman, Gothenburg University, Sweden<\/p>\n<p>Cristina Sousa Rocha, LNEG, Portugal<\/p>\n<p>Julio Carlos de Souza van der Linden, Federal University of Rio Grande do Sul, Brazil<\/p>\n<p>Paul Springer University of East London, United Kingdom<\/p>\n<p>Liesbeth Stam, KU Leuven, Belgium<\/p>\n<p>Ileana Stigliani, Imperial College, UK<\/p>\n<p>Kana Sugimoto, Mentor Inc., Japan<\/p>\n<p>Qian Sun, Royal College of Art<\/p>\n<p>Tung-Jun Sung, National Taiwan University of Science and Technology, Taiwan<\/p>\n<p>Lisbeth Svengren Holm, University of Gothenburg, Sweden<\/p>\n<p>Oliver Szasz, Macromedia University of Applied Sciences, Germany<\/p>\n<p>Pia Kristiina, Tamminen, Nexec Oy, Finland<\/p>\n<p>Jurgen Tanghe, LiveWork &amp; Delft University of Technology, Netherlands<\/p>\n<p>Virginia Tassinari, LUCA School of Arts, Belgium<\/p>\n<p>Francesca Tassistro, Avanade,Italy<\/p>\n<p>Ida Telalbasic, Loughborough University, UK<\/p>\n<p>Maurizio Teli, Aalborg University, Denmark<\/p>\n<p>Andres Tellez, Universidad Jorge Tadeo Lozano, Colombia<\/p>\n<p>Cha Chi Teng, Brigham Young University, USA<\/p>\n<p>Nina Terrey, University of Canberra, Australia<\/p>\n<p>El\u00e7in Tezel, Bah\u00e7e\u015fehir University, Turkey<\/p>\n<p>Clemens Thornquist, University of Bor\u00e5s, Sweden<\/p>\n<p>Cameron Tonkinwise, University of Technology Sydney, Australia<\/p>\n<p>Daniel Trabucchi, Politecnico di Milano, Italy<\/p>\n<p>Afonso Nuno Borges, \u00a0Universidade da Beira Interior, Portugal<\/p>\n<p>Louise Valentine, University of Dundee, UK<\/p>\n<p>Francesca Valsecchi, Tongji University, Shanghai, China<\/p>\n<p>Jeroen, van Erp, Delft University of Technology, Netherlands<\/p>\n<p>Arne, van Oosterom, Design Thinkers Group, Netherlands<\/p>\n<p>Stephanie VandenBerg, University of Calgary, Canada<\/p>\n<p>Matti Vartiainen, Aalto University, Finland<\/p>\n<p>Roberto Verganti, Politecnico di Milano, Italy<\/p>\n<p>Jos\u00e9 Vicente, Universidade da Beira Interior, Portugal<\/p>\n<p>Nikola Vukasinovic, University of Ljubljana, Slovenia<\/p>\n<p>Beverly Wagner, University of Strathclyde, United Kingdom<\/p>\n<p>Vanissa Wanick, University of Southampton, UK<\/p>\n<p>Frithjof Wegener, Delft University of Technology, the Netherlands<\/p>\n<p>Wan-Li Wei, Ming Chuan University, Taiwan, R.O.C.<\/p>\n<p>Anna Whicher, Cardiff Metropolitan University, UK<\/p>\n<p>Robert Ian Whitfield, University of Strathclyde, United Kingdom<\/p>\n<p>Paul Wilson, University of Leeds, UK<\/p>\n<p>Heather Wiltse, Ume\u00e5 Institute of Design,\u00a0Sweden<\/p>\n<p>Charlotta Windahl, University of Auckland, New Zealand<\/p>\n<p>Fabiane Wolff, Universidade do Vale do Rio dos Sinos\/ UNISINOS, Brazil<\/p>\n<p>David Wood, Northumbria University, UK<\/p>\n<p>Cara Wrigley, University of Sydney, Australia<\/p>\n<p>Joyce Yee, University of Northumbria, UK<\/p>\n<p>YuanYuan Yin, University of Southampton, UK<\/p>\n<p>Youngjin Yoo, Case University, USA<\/p>\n<p>Soe-Tsyr Daphne, Yuan, National Chengchi University, Taiwan, R.O.C.<\/p>\n<p>Salvatore Zingale, POLIMI, Italy<\/p>\n<p>Osmar Z\u00f3zimo, Journal of Modern Project Management, Brazil<\/p>\n<p>Francesco Zurlo, Politecnico di Milano, Italy<\/p>\n<p>&nbsp;<\/p>\n","protected":false},"excerpt":{"rendered":"<p>Mersha Aftab, Northumbria University, UK Marco Ajovalasit, Politecnico di Milano, Italy Canan Akoglu, Design School Kolding, Denmark Rhea Alexander, Parsons School of Design, USA Mauricy Alves da Motta Filho, University of Twente, Netherlands Curtis Anderson, Brigham Young University, USA Leah Armstrong, University of Applied Arts Vienna, Austria Rita Assoreira Almendra, Universidade de Lisboa, Portugal Andrea&hellip; <a class=\"continue\" href=\"https:\/\/designinnovationmanagement.com\/2019\/review-board\/\"><span> ADIM 2019 International Peer Review Scientific Board<\/span><\/a><\/p>\n","protected":false},"author":1,"featured_media":0,"parent":0,"menu_order":0,"comment_status":"closed","ping_status":"closed","template":"","meta":{"inline_featured_image":false,"footnotes":""},"class_list":["post-891","page","type-page","status-publish","hentry"],"_links":{"self":[{"href":"https:\/\/designinnovationmanagement.com\/2019\/wp-json\/wp\/v2\/pages\/891","targetHints":{"allow":["GET"]}}],"collection":[{"href":"https:\/\/designinnovationmanagement.com\/2019\/wp-json\/wp\/v2\/pages"}],"about":[{"href":"https:\/\/designinnovationmanagement.com\/2019\/wp-json\/wp\/v2\/types\/page"}],"author":[{"embeddable":true,"href":"https:\/\/designinnovationmanagement.com\/2019\/wp-json\/wp\/v2\/users\/1"}],"replies":[{"embeddable":true,"href":"https:\/\/designinnovationmanagement.com\/2019\/wp-json\/wp\/v2\/comments?post=891"}],"version-history":[{"count":0,"href":"https:\/\/designinnovationmanagement.com\/2019\/wp-json\/wp\/v2\/pages\/891\/revisions"}],"wp:attachment":[{"href":"https:\/\/designinnovationmanagement.com\/2019\/wp-json\/wp\/v2\/media?parent=891"}],"curies":[{"name":"wp","href":"https:\/\/api.w.org\/{rel}","templated":true}]}}